{"id":563,"date":"2024-11-18T01:58:07","date_gmt":"2024-11-18T01:58:07","guid":{"rendered":"https:\/\/jvre.jp\/?page_id=563"},"modified":"2024-11-21T20:20:50","modified_gmt":"2024-11-21T11:20:50","slug":"%e3%83%8b%e3%83%a5%e3%83%bc%e3%82%b9","status":"publish","type":"page","link":"https:\/\/jvre.jp\/?page_id=563","title":{"rendered":"\u30cb\u30e5\u30fc\u30b9"},"content":{"rendered":"\t\t<div data-elementor-type=\"wp-page\" data-elementor-id=\"563\" class=\"elementor elementor-563\" data-elementor-post-type=\"page\">\n\t\t\t\t<div class=\"elementor-element elementor-element-d89e38b e-flex e-con-boxed e-con e-parent\" data-id=\"d89e38b\" data-element_type=\"container\" data-settings=\"{&quot;background_background&quot;:&quot;classic&quot;}\">\n\t\t\t\t\t<div class=\"e-con-inner\">\n\t\t\t\t<div class=\"elementor-element elementor-element-ac4641a elementor-widget elementor-widget-heading\" data-id=\"ac4641a\" data-element_type=\"widget\" data-widget_type=\"heading.default\">\n\t\t\t\t<div class=\"elementor-widget-container\">\n\t\t\t<h2 class=\"elementor-heading-title elementor-size-default\">\u4fe1\u983c\u306e\u67b6\u3051\u6a4b\u3001\u65e5\u8d8a\u306e\u66ae\u3089\u3057\u3092\u652f\u3048\u308b\u3002\n<\/h2>\t\t<\/div>\n\t\t\t\t<\/div>\n\t\t\t\t\t<\/div>\n\t\t\t\t<\/div>\n\t\t<div class=\"elementor-element elementor-element-fd92166 e-flex e-con-boxed e-con e-parent\" data-id=\"fd92166\" data-element_type=\"container\">\n\t\t\t\t\t<div class=\"e-con-inner\">\n\t\t\t\t<div class=\"elementor-element elementor-element-fb9846d elementor-grid-3 elementor-grid-tablet-2 elementor-grid-mobile-1 elementor-posts--thumbnail-top load-more-align-center elementor-widget elementor-widget-posts\" data-id=\"fb9846d\" data-element_type=\"widget\" data-settings=\"{&quot;pagination_type&quot;:&quot;load_more_on_click&quot;,&quot;classic_columns&quot;:&quot;3&quot;,&quot;classic_columns_tablet&quot;:&quot;2&quot;,&quot;classic_columns_mobile&quot;:&quot;1&quot;,&quot;classic_row_gap&quot;:{&quot;unit&quot;:&quot;px&quot;,&quot;size&quot;:35,&quot;sizes&quot;:[]},&quot;classic_row_gap_tablet&quot;:{&quot;unit&quot;:&quot;px&quot;,&quot;size&quot;:&quot;&quot;,&quot;sizes&quot;:[]},&quot;classic_row_gap_mobile&quot;:{&quot;unit&quot;:&quot;px&quot;,&quot;size&quot;:&quot;&quot;,&quot;sizes&quot;:[]},&quot;load_more_spinner&quot;:{&quot;value&quot;:&quot;fas fa-spinner&quot;,&quot;library&quot;:&quot;fa-solid&quot;}}\" data-widget_type=\"posts.classic\">\n\t\t\t\t<div class=\"elementor-widget-container\">\n\t\t\t\t\t<div class=\"elementor-posts-container elementor-posts elementor-posts--skin-classic elementor-grid\">\n\t\t\t\t<article class=\"elementor-post elementor-grid-item post-1280 post type-post status-publish format-standard has-post-thumbnail hentry category-tin-tuc\">\n\t\t\t\t<a class=\"elementor-post__thumbnail__link\" href=\"https:\/\/jvre.jp\/?p=1280\" tabindex=\"-1\" >\n\t\t\t<div class=\"elementor-post__thumbnail\"><img fetchpriority=\"high\" decoding=\"async\" width=\"300\" height=\"183\" src=\"https:\/\/jvre.jp\/wp-content\/uploads\/2024\/11\/phu-long-1-162-300x183.jpg\" class=\"attachment-medium size-medium wp-image-1281\" alt=\"\" srcset=\"https:\/\/jvre.jp\/wp-content\/uploads\/2024\/11\/phu-long-1-162-300x183.jpg 300w, https:\/\/jvre.jp\/wp-content\/uploads\/2024\/11\/phu-long-1-162-1024x623.jpg 1024w, https:\/\/jvre.jp\/wp-content\/uploads\/2024\/11\/phu-long-1-162-768x468.jpg 768w, https:\/\/jvre.jp\/wp-content\/uploads\/2024\/11\/phu-long-1-162-1536x935.jpg 1536w, https:\/\/jvre.jp\/wp-content\/uploads\/2024\/11\/phu-long-1-162.jpg 1920w\" sizes=\"(max-width: 300px) 100vw, 300px\" \/><\/div>\n\t\t<\/a>\n\t\t\t\t<div class=\"elementor-post__text\">\n\t\t\t\t<h3 class=\"elementor-post__title\">\n\t\t\t<a href=\"https:\/\/jvre.jp\/?p=1280\" >\n\t\t\t\tB\u1ea5t \u0111\u1ed9ng s\u1ea3n TP.HCM t\u0103ng tr\u01b0\u1edfng d\u01b0\u01a1ng tr\u1edf l\u1ea1i, h\u1ea5p d\u1eabn nh\u00e0 \u0111\u1ea7u t\u01b0\t\t\t<\/a>\n\t\t<\/h3>\n\t\t\t\t<div class=\"elementor-post__meta-data\">\n\t\t\t\t\t<span class=\"elementor-post-date\">\n\t\t\t23\/11\/2024\t\t<\/span>\n\t\t\t\t<\/div>\n\t\t\t\t<div class=\"elementor-post__excerpt\">\n\t\t\t<p>V\u01b0\u1ee3t qua \u201cv\u00f9ng \u0111\u00e1y\u201d, th\u1ecb <\/p>\n\t\t<\/div>\n\t\t\t\t<\/div>\n\t\t\t\t<\/article>\n\t\t\t\t<article class=\"elementor-post elementor-grid-item post-1266 post type-post status-publish format-standard has-post-thumbnail hentry category-tin-tuc\">\n\t\t\t\t<a class=\"elementor-post__thumbnail__link\" href=\"https:\/\/jvre.jp\/?p=1266\" tabindex=\"-1\" >\n\t\t\t<div class=\"elementor-post__thumbnail\"><img decoding=\"async\" width=\"300\" height=\"186\" src=\"https:\/\/jvre.jp\/wp-content\/uploads\/2024\/11\/cau-tu-lien-02-2-300x186.jpg\" class=\"attachment-medium size-medium wp-image-1267\" alt=\"\" srcset=\"https:\/\/jvre.jp\/wp-content\/uploads\/2024\/11\/cau-tu-lien-02-2-300x186.jpg 300w, https:\/\/jvre.jp\/wp-content\/uploads\/2024\/11\/cau-tu-lien-02-2-768x476.jpg 768w, https:\/\/jvre.jp\/wp-content\/uploads\/2024\/11\/cau-tu-lien-02-2.jpg 800w\" sizes=\"(max-width: 300px) 100vw, 300px\" \/><\/div>\n\t\t<\/a>\n\t\t\t\t<div class=\"elementor-post__text\">\n\t\t\t\t<h3 class=\"elementor-post__title\">\n\t\t\t<a href=\"https:\/\/jvre.jp\/?p=1266\" >\n\t\t\t\tT\u1eadp \u0111o\u00e0n x\u00e2y d\u1ef1ng h\u00e0ng \u0111\u1ea7u Trung Qu\u1ed1c s\u1ebd c\u00f9ng Vingroup th\u1ef1c hi\u1ec7n d\u1ef1 \u00e1n c\u1ea7u T\u1ee9 Li\u00ean t\u1ea1i H\u00e0 N\u1ed9i\t\t\t<\/a>\n\t\t<\/h3>\n\t\t\t\t<div class=\"elementor-post__meta-data\">\n\t\t\t\t\t<span class=\"elementor-post-date\">\n\t\t\t23\/11\/2024\t\t<\/span>\n\t\t\t\t<\/div>\n\t\t\t\t<div class=\"elementor-post__excerpt\">\n\t\t\t<p>V\u00e0o gi\u1eefa th\u00e1ng 10, T\u1eadp \u0111o<\/p>\n\t\t<\/div>\n\t\t\t\t<\/div>\n\t\t\t\t<\/article>\n\t\t\t\t<article class=\"elementor-post elementor-grid-item post-1249 post type-post status-publish format-standard has-post-thumbnail hentry category-tin-tuc\">\n\t\t\t\t<a class=\"elementor-post__thumbnail__link\" href=\"https:\/\/jvre.jp\/?p=1249\" tabindex=\"-1\" >\n\t\t\t<div class=\"elementor-post__thumbnail\"><img decoding=\"async\" width=\"300\" height=\"181\" src=\"https:\/\/jvre.jp\/wp-content\/uploads\/2024\/11\/cau_tu_lien_890_1725247303624815010382_1_-300x181.webp\" class=\"attachment-medium size-medium wp-image-1250\" alt=\"\" srcset=\"https:\/\/jvre.jp\/wp-content\/uploads\/2024\/11\/cau_tu_lien_890_1725247303624815010382_1_-300x181.webp 300w, https:\/\/jvre.jp\/wp-content\/uploads\/2024\/11\/cau_tu_lien_890_1725247303624815010382_1_-768x464.webp 768w, https:\/\/jvre.jp\/wp-content\/uploads\/2024\/11\/cau_tu_lien_890_1725247303624815010382_1_.webp 960w\" sizes=\"(max-width: 300px) 100vw, 300px\" \/><\/div>\n\t\t<\/a>\n\t\t\t\t<div class=\"elementor-post__text\">\n\t\t\t\t<h3 class=\"elementor-post__title\">\n\t\t\t<a href=\"https:\/\/jvre.jp\/?p=1249\" >\n\t\t\t\tH\u00e0 N\u1ed9i ch\u1ed1t ch\u1ee7 tr\u01b0\u01a1ng x\u00e2y th\u00eam 3 c\u1ea7u qua s\u00f4ng H\u1ed3ng\t\t\t<\/a>\n\t\t<\/h3>\n\t\t\t\t<div class=\"elementor-post__meta-data\">\n\t\t\t\t\t<span class=\"elementor-post-date\">\n\t\t\t21\/11\/2024\t\t<\/span>\n\t\t\t\t<\/div>\n\t\t\t\t<div class=\"elementor-post__excerpt\">\n\t\t\t<p>L\u00e3nh \u0111\u1ea1o TP H\u00e0 N\u1ed9i v\u1eeba th<\/p>\n\t\t<\/div>\n\t\t\t\t<\/div>\n\t\t\t\t<\/article>\n\t\t\t\t<article class=\"elementor-post elementor-grid-item post-1241 post type-post status-publish format-standard has-post-thumbnail hentry category-tin-tuc\">\n\t\t\t\t<a class=\"elementor-post__thumbnail__link\" href=\"https:\/\/jvre.jp\/?p=1241\" tabindex=\"-1\" >\n\t\t\t<div class=\"elementor-post__thumbnail\"><img loading=\"lazy\" decoding=\"async\" width=\"300\" height=\"200\" src=\"https:\/\/jvre.jp\/wp-content\/uploads\/2024\/11\/2-1657850114843809865929-300x200.webp\" class=\"attachment-medium size-medium wp-image-1242\" alt=\"\" srcset=\"https:\/\/jvre.jp\/wp-content\/uploads\/2024\/11\/2-1657850114843809865929-300x200.webp 300w, https:\/\/jvre.jp\/wp-content\/uploads\/2024\/11\/2-1657850114843809865929.webp 640w\" sizes=\"(max-width: 300px) 100vw, 300px\" \/><\/div>\n\t\t<\/a>\n\t\t\t\t<div class=\"elementor-post__text\">\n\t\t\t\t<h3 class=\"elementor-post__title\">\n\t\t\t<a href=\"https:\/\/jvre.jp\/?p=1241\" >\n\t\t\t\tVi\u1ec7n d\u01b0\u1ee1ng l\u00e3o chu\u1ea9n Nh\u1eadt B\u1ea3n ngay gi\u1eefa trung t\u00e2m H\u00e0 N\u1ed9i\t\t\t<\/a>\n\t\t<\/h3>\n\t\t\t\t<div class=\"elementor-post__meta-data\">\n\t\t\t\t\t<span class=\"elementor-post-date\">\n\t\t\t20\/11\/2024\t\t<\/span>\n\t\t\t\t<\/div>\n\t\t\t\t<div class=\"elementor-post__excerpt\">\n\t\t\t<p>S\u1eafp t\u1edbi \u0111\u00e2y, ng\u01b0\u1eddi cao tu<\/p>\n\t\t<\/div>\n\t\t\t\t<\/div>\n\t\t\t\t<\/article>\n\t\t\t\t<article class=\"elementor-post elementor-grid-item post-200 post type-post status-publish format-standard has-post-thumbnail hentry category-tin-tuc\">\n\t\t\t\t<a class=\"elementor-post__thumbnail__link\" href=\"https:\/\/jvre.jp\/?p=200\" tabindex=\"-1\" >\n\t\t\t<div class=\"elementor-post__thumbnail\"><img loading=\"lazy\" decoding=\"async\" width=\"300\" height=\"182\" src=\"https:\/\/jvre.jp\/wp-content\/uploads\/2024\/11\/image-1-800x485-1-300x182.png\" class=\"attachment-medium size-medium wp-image-692\" alt=\"\" srcset=\"https:\/\/jvre.jp\/wp-content\/uploads\/2024\/11\/image-1-800x485-1-300x182.png 300w, https:\/\/jvre.jp\/wp-content\/uploads\/2024\/11\/image-1-800x485-1-768x466.png 768w, https:\/\/jvre.jp\/wp-content\/uploads\/2024\/11\/image-1-800x485-1.png 800w\" sizes=\"(max-width: 300px) 100vw, 300px\" \/><\/div>\n\t\t<\/a>\n\t\t\t\t<div class=\"elementor-post__text\">\n\t\t\t\t<h3 class=\"elementor-post__title\">\n\t\t\t<a href=\"https:\/\/jvre.jp\/?p=200\" >\n\t\t\t\tRa m\u1eaft ph\u1ee9c h\u1ee3p Ngh\u1ec9 d\u01b0\u1ee1ng \u2013 D\u01b0\u1ee1ng l\u00e3o cao c\u1ea5p t\u1ea1i Th\u1ee7 \u0111\u00f4\t\t\t<\/a>\n\t\t<\/h3>\n\t\t\t\t<div class=\"elementor-post__meta-data\">\n\t\t\t\t\t<span class=\"elementor-post-date\">\n\t\t\t16\/11\/2024\t\t<\/span>\n\t\t\t\t<\/div>\n\t\t\t\t<div class=\"elementor-post__excerpt\">\n\t\t\t<p>Ng\u00e0y 16\/10\/2024, t\u1ea1i khu\u00f4<\/p>\n\t\t<\/div>\n\t\t\t\t<\/div>\n\t\t\t\t<\/article>\n\t\t\t\t<article class=\"elementor-post elementor-grid-item post-198 post type-post status-publish format-standard has-post-thumbnail hentry category-tin-tuc\">\n\t\t\t\t<a class=\"elementor-post__thumbnail__link\" href=\"https:\/\/jvre.jp\/?p=198\" tabindex=\"-1\" >\n\t\t\t<div class=\"elementor-post__thumbnail\"><img loading=\"lazy\" decoding=\"async\" width=\"300\" height=\"200\" src=\"https:\/\/jvre.jp\/wp-content\/uploads\/2024\/11\/\u6cd5\u4eba\u4e0d\u52d5\u7523\u306e\u767b\u8a18\u30b5\u30dd\u30fc\u30c8-300x200.jpg\" class=\"attachment-medium size-medium wp-image-93\" alt=\"\" srcset=\"https:\/\/jvre.jp\/wp-content\/uploads\/2024\/11\/\u6cd5\u4eba\u4e0d\u52d5\u7523\u306e\u767b\u8a18\u30b5\u30dd\u30fc\u30c8-300x200.jpg 300w, https:\/\/jvre.jp\/wp-content\/uploads\/2024\/11\/\u6cd5\u4eba\u4e0d\u52d5\u7523\u306e\u767b\u8a18\u30b5\u30dd\u30fc\u30c8-768x512.jpg 768w, https:\/\/jvre.jp\/wp-content\/uploads\/2024\/11\/\u6cd5\u4eba\u4e0d\u52d5\u7523\u306e\u767b\u8a18\u30b5\u30dd\u30fc\u30c8.jpg 1024w\" sizes=\"(max-width: 300px) 100vw, 300px\" \/><\/div>\n\t\t<\/a>\n\t\t\t\t<div class=\"elementor-post__text\">\n\t\t\t\t<h3 class=\"elementor-post__title\">\n\t\t\t<a href=\"https:\/\/jvre.jp\/?p=198\" >\n\t\t\t\t\u5916\u56fd\u4eba\u5411\u3051\u4f4f\u5b85\u30ed\u30fc\u30f3\u30b5\u30dd\u30fc\u30c8\t\t\t<\/a>\n\t\t<\/h3>\n\t\t\t\t<div class=\"elementor-post__meta-data\">\n\t\t\t\t\t<span class=\"elementor-post-date\">\n\t\t\t16\/11\/2024\t\t<\/span>\n\t\t\t\t<\/div>\n\t\t\t\t<div class=\"elementor-post__excerpt\">\n\t\t\t<p>\u2013 **\u5916\u56fd\u4eba\u5c02\u7528\u4f4f\u5b85\u30ed\u30fc\u30f3**\u306e\u7d39\u4ecb\u3068\u624b\u7d9a\u304d\u30b5\u30dd<\/p>\n\t\t<\/div>\n\t\t\t\t<\/div>\n\t\t\t\t<\/article>\n\t\t\t\t<\/div>\n\t\t\t\t\t<span class=\"e-load-more-spinner\">\n\t\t\t\t<svg aria-hidden=\"true\" class=\"e-font-icon-svg e-fas-spinner\" viewBox=\"0 0 512 512\" xmlns=\"http:\/\/www.w3.org\/2000\/svg\"><path d=\"M304 48c0 26.51-21.49 48-48 48s-48-21.49-48-48 21.49-48 48-48 48 21.49 48 48zm-48 368c-26.51 0-48 21.49-48 48s21.49 48 48 48 48-21.49 48-48-21.49-48-48-48zm208-208c-26.51 0-48 21.49-48 48s21.49 48 48 48 48-21.49 48-48-21.49-48-48-48zM96 256c0-26.51-21.49-48-48-48S0 229.49 0 256s21.49 48 48 48 48-21.49 48-48zm12.922 99.078c-26.51 0-48 21.49-48 48s21.49 48 48 48 48-21.49 48-48c0-26.509-21.491-48-48-48zm294.156 0c-26.51 0-48 21.49-48 48s21.49 48 48 48 48-21.49 48-48c0-26.509-21.49-48-48-48zM108.922 60.922c-26.51 0-48 21.49-48 48s21.49 48 48 48 48-21.49 48-48-21.491-48-48-48z\"><\/path><\/svg>\t\t\t<\/span>\n\t\t\n\t\t\t\t<div class=\"e-load-more-anchor\" data-page=\"1\" data-max-page=\"2\" data-next-page=\"https:\/\/jvre.jp\/index.php?rest_route=%2Fwp%2Fv2%2Fpages%2F563&#038;paged=2\"><\/div>\n\t\t\t\t<div class=\"elementor-button-wrapper\">\n\t\t\t<a href=\"#\" class=\"elementor-button-link elementor-button\" role=\"button\">\n\t\t\t\t\t\t<span class=\"elementor-button-content-wrapper\">\n\t\t\t\t\t\t\t\t\t<span class=\"elementor-button-text\">\u3082\u3063\u3068\u8aad\u307f\u8fbc\u3080<\/span>\n\t\t\t\t\t<\/span>\n\t\t\t\t\t<\/a>\n\t\t<\/div>\n\t\t\t\t<div class=\"e-load-more-message\"><\/div>\n\t\t\t\t<\/div>\n\t\t\t\t<\/div>\n\t\t\t\t\t<\/div>\n\t\t\t\t<\/div>\n\t\t\t\t<\/div>\n\t\t","protected":false},"excerpt":{"rendered":"<p>\u4fe1\u983c\u306e\u67b6\u3051\u6a4b\u3001\u65e5\u8d8a\u306e\u66ae\u3089\u3057\u3092\u652f\u3048\u308b\u3002<\/p>\n","protected":false},"author":1,"featured_media":0,"parent":0,"menu_order":0,"comment_status":"closed","ping_status":"closed","template":"","meta":{"footnotes":""},"class_list":["post-563","page","type-page","status-publish","hentry"],"_links":{"self":[{"href":"https:\/\/jvre.jp\/index.php?rest_route=\/wp\/v2\/pages\/563","targetHints":{"allow":["GET"]}}],"collection":[{"href":"https:\/\/jvre.jp\/index.php?rest_route=\/wp\/v2\/pages"}],"about":[{"href":"https:\/\/jvre.jp\/index.php?rest_route=\/wp\/v2\/types\/page"}],"author":[{"embeddable":true,"href":"https:\/\/jvre.jp\/index.php?rest_route=\/wp\/v2\/users\/1"}],"replies":[{"embeddable":true,"href":"https:\/\/jvre.jp\/index.php?rest_route=%2Fwp%2Fv2%2Fcomments&post=563"}],"version-history":[{"count":16,"href":"https:\/\/jvre.jp\/index.php?rest_route=\/wp\/v2\/pages\/563\/revisions"}],"predecessor-version":[{"id":1265,"href":"https:\/\/jvre.jp\/index.php?rest_route=\/wp\/v2\/pages\/563\/revisions\/1265"}],"wp:attachment":[{"href":"https:\/\/jvre.jp\/index.php?rest_route=%2Fwp%2Fv2%2Fmedia&parent=563"}],"curies":[{"name":"wp","href":"https:\/\/api.w.org\/{rel}","templated":true}]}}